{"id":57,"date":"2024-04-03T13:25:18","date_gmt":"2024-04-03T16:25:18","guid":{"rendered":"https:\/\/bravopedro.com.br\/?page_id=57"},"modified":"2025-11-23T12:00:19","modified_gmt":"2025-11-23T15:00:19","slug":"ensino","status":"publish","type":"page","link":"https:\/\/bravopedro.com.br\/?page_id=57","title":{"rendered":"Ensino"},"content":{"rendered":"\t\t<div data-elementor-type=\"wp-page\" data-elementor-id=\"57\" class=\"elementor elementor-57\" data-elementor-post-type=\"page\">\n\t\t\t\t<div class=\"elementor-element elementor-element-44b75af e-con-full e-flex e-con e-parent\" data-id=\"44b75af\" data-element_type=\"container\" data-core-v316-plus=\"true\">\n\t\t\t\t<div class=\"elementor-element elementor-element-0e49296 elementor-widget elementor-widget-text-editor\" data-id=\"0e49296\" data-element_type=\"widget\" data-widget_type=\"text-editor.default\">\n\t\t\t\t<div class=\"elementor-widget-container\">\n\t\t\t<style>\/*! elementor - v3.20.0 - 26-03-2024 *\/\n.elementor-widget-text-editor.elementor-drop-cap-view-stacked .elementor-drop-cap{background-color:#69727d;color:#fff}.elementor-widget-text-editor.elementor-drop-cap-view-framed .elementor-drop-cap{color:#69727d;border:3px solid;background-color:transparent}.elementor-widget-text-editor:not(.elementor-drop-cap-view-default) .elementor-drop-cap{margin-top:8px}.elementor-widget-text-editor:not(.elementor-drop-cap-view-default) .elementor-drop-cap-letter{width:1em;height:1em}.elementor-widget-text-editor .elementor-drop-cap{float:left;text-align:center;line-height:1;font-size:50px}.elementor-widget-text-editor .elementor-drop-cap-letter{display:inline-block}<\/style>\t\t\t\t<p><b>Universidade Federal do ABC (UFABC)&nbsp;<\/b><\/p><p>2025.3 Oficina de Pesquisa em Filosofia III (Como propor e criticar defini\u00e7\u00f5es)<\/p><p>2025.3 Filosofia da ci\u00eancia: valores na ci\u00eancia (PPGFIL)<\/p>\n<p>2025.1 Bases Epistemol\u00f3gicas da Ci\u00eancia Moderna<\/p>\n<p>2024.3 Bases Epistemol\u00f3gicas da Ci\u00eancia Moderna&nbsp;<\/p>\n<p>2024.2 Bases Epistemol\u00f3gicas da Ci\u00eancia Moderna<\/p>\n<p><img fetchpriority=\"high\" decoding=\"async\" class=\"size-medium wp-image-205 alignright\" src=\"https:\/\/bravopedro.com.br\/wp-content\/uploads\/2024\/06\/foto-IEA-300x200.jpeg\" alt=\"\" width=\"300\" height=\"200\" srcset=\"https:\/\/bravopedro.com.br\/wp-content\/uploads\/2024\/06\/foto-IEA-300x200.jpeg 300w, https:\/\/bravopedro.com.br\/wp-content\/uploads\/2024\/06\/foto-IEA-1024x683.jpeg 1024w, https:\/\/bravopedro.com.br\/wp-content\/uploads\/2024\/06\/foto-IEA-768x512.jpeg 768w, https:\/\/bravopedro.com.br\/wp-content\/uploads\/2024\/06\/foto-IEA-1536x1024.jpeg 1536w, https:\/\/bravopedro.com.br\/wp-content\/uploads\/2024\/06\/foto-IEA-2048x1366.jpeg 2048w\" sizes=\"(max-width: 300px) 100vw, 300px\" \/><\/p>\n<p><b>Centro Paula Souza<\/b><\/p>\n<p>2024 &#8211; Filosofia, Sociologia, \u00c9tica, Laborat\u00f3rio de Investiga\u00e7\u00e3o Cient\u00edfica, e Estudos Avan\u00e7ados em Ci\u00eancias Humanas.<\/p>\n<p>2023&nbsp;&#8211; Filosofia e Estudos Avan\u00e7ados em Ci\u00eancias Humanas<\/p>\n<p><b>Faculdade Metropolitana<\/b><\/p>\n<p>2023 &#8211; Videoaulas sobre Filosofia da Ci\u00eancia e Epistemologia<\/p>\n<p><b>Prefeitura de C\u00e2ndido Mota<\/b><\/p>\n<p>2016 &#8211; Filosofia<\/p>\n<p><b>Centro de L\u00ednguas (UNESP-Mar\u00edlia)<\/b><\/p>\n<p>2014-2015 &#8211; Franc\u00eas<\/p>\t\t\t\t\t\t<\/div>\n\t\t\t\t<\/div>\n\t\t\t\t<\/div>\n\t\t\t\t<\/div>\n\t\t","protected":false},"excerpt":{"rendered":"<p>Universidade Federal do ABC (UFABC)&nbsp; 2025.3 Oficina de Pesquisa em Filosofia III (Como propor e criticar defini\u00e7\u00f5es) 2025.3 Filosofia da ci\u00eancia: valores na ci\u00eancia (PPGFIL) 2025.1 Bases Epistemol\u00f3gicas da Ci\u00eancia Moderna 2024.3 Bases Epistemol\u00f3gicas da Ci\u00eancia Moderna&nbsp; 2024.2 Bases Epistemol\u00f3gicas da Ci\u00eancia Moderna Centro Paula Souza 2024 &#8211; Filosofia, Sociologia, \u00c9tica, Laborat\u00f3rio de Investiga\u00e7\u00e3o Cient\u00edfica, [&hellip;]<\/p>\n","protected":false},"author":1,"featured_media":0,"parent":0,"menu_order":0,"comment_status":"closed","ping_status":"closed","template":"","meta":{"footnotes":""},"aioseo_notices":[],"_links":{"self":[{"href":"https:\/\/bravopedro.com.br\/index.php?rest_route=\/wp\/v2\/pages\/57"}],"collection":[{"href":"https:\/\/bravopedro.com.br\/index.php?rest_route=\/wp\/v2\/pages"}],"about":[{"href":"https:\/\/bravopedro.com.br\/index.php?rest_route=\/wp\/v2\/types\/page"}],"author":[{"embeddable":true,"href":"https:\/\/bravopedro.com.br\/index.php?rest_route=\/wp\/v2\/users\/1"}],"replies":[{"embeddable":true,"href":"https:\/\/bravopedro.com.br\/index.php?rest_route=%2Fwp%2Fv2%2Fcomments&post=57"}],"version-history":[{"count":22,"href":"https:\/\/bravopedro.com.br\/index.php?rest_route=\/wp\/v2\/pages\/57\/revisions"}],"predecessor-version":[{"id":290,"href":"https:\/\/bravopedro.com.br\/index.php?rest_route=\/wp\/v2\/pages\/57\/revisions\/290"}],"wp:attachment":[{"href":"https:\/\/bravopedro.com.br\/index.php?rest_route=%2Fwp%2Fv2%2Fmedia&parent=57"}],"curies":[{"name":"wp","href":"https:\/\/api.w.org\/{rel}","templated":true}]}}