{"id":61,"date":"2024-04-03T13:26:00","date_gmt":"2024-04-03T16:26:00","guid":{"rendered":"https:\/\/bravopedro.com.br\/?page_id=61"},"modified":"2026-02-04T09:06:27","modified_gmt":"2026-02-04T12:06:27","slug":"publicacoes","status":"publish","type":"page","link":"https:\/\/bravopedro.com.br\/?page_id=61","title":{"rendered":"Publica\u00e7\u00f5es"},"content":{"rendered":"\t\t<div data-elementor-type=\"wp-page\" data-elementor-id=\"61\" class=\"elementor elementor-61\" data-elementor-post-type=\"page\">\n\t\t\t\t<div class=\"elementor-element elementor-element-0d7205b e-flex e-con-boxed e-con e-parent\" data-id=\"0d7205b\" data-element_type=\"container\" data-core-v316-plus=\"true\">\n\t\t\t\t\t<div class=\"e-con-inner\">\n\t\t\t\t<div class=\"elementor-element elementor-element-a69101e elementor-widget elementor-widget-text-editor\" data-id=\"a69101e\" data-element_type=\"widget\" data-widget_type=\"text-editor.default\">\n\t\t\t\t<div class=\"elementor-widget-container\">\n\t\t\t<style>\/*! elementor - v3.20.0 - 26-03-2024 *\/\n.elementor-widget-text-editor.elementor-drop-cap-view-stacked .elementor-drop-cap{background-color:#69727d;color:#fff}.elementor-widget-text-editor.elementor-drop-cap-view-framed .elementor-drop-cap{color:#69727d;border:3px solid;background-color:transparent}.elementor-widget-text-editor:not(.elementor-drop-cap-view-default) .elementor-drop-cap{margin-top:8px}.elementor-widget-text-editor:not(.elementor-drop-cap-view-default) .elementor-drop-cap-letter{width:1em;height:1em}.elementor-widget-text-editor .elementor-drop-cap{float:left;text-align:center;line-height:1;font-size:50px}.elementor-widget-text-editor .elementor-drop-cap-letter{display:inline-block}<\/style>\t\t\t\t<div>\n<div><strong>Artigos<\/strong><\/div>\n<div>&nbsp;<\/div>\n<ul>\n<li>\n<div><span style=\"background-color: transparent;\"><span style=\"background-color: transparent;\">BRAVO, Pedro; GHILARDI-LOPES, Natalia Pirani. Beyond reliability: towards a broader epistemic evaluation of citizen science. Revista de Filosofia Aurora, v. 37, p. e202531990\u2013e202531990, 29 out. 2025.<\/span><\/span><\/div>\n<\/li>\n<li>\n<div><span style=\"background-color: transparent;\">BRAVO, Pedro; ELLIOTT, Kevin C. The Promise and Perils of NGO-Supported Science. Philosophy Compass, v. 20, n. 5, p. e70043, 2025.&nbsp;<\/span><\/div>\n<\/li>\n<li>\n<div><span style=\"background-color: transparent;\">Grouping approaches to PFAS and industry funding: a case study on the findings of a recent panel of experts. Principia: an international journal of epistemology, v. 29, n. 1, p. 1\u201320, 20 mar. 2025. [Vencedor do pr\u00eamio de melhor artigo da SBFA &#8211; 2024]<\/span><\/div>\n<\/li>\n<li>\n<div><span style=\"background-color: transparent; color: var( --e-global-color-text ); font-family: var( --e-global-typography-text-font-family ), Sans-serif; font-weight: var( --e-global-typography-text-font-weight ); text-align: var(--text-align);\">Ci\u00eancia precaut\u00f3ria: sistematiza\u00e7\u00e3o e proposta de defini\u00e7\u00e3o da precau\u00e7\u00e3o epist\u00eamica. TRANS\/FORM\/A\u00c7\u00c3O (UNESP. MAR\u00cdLIA. ON LINE), v. 47, p. 1-21, 2024.<\/span><\/div>\n<\/li>\n<li>Navigating through the Precautionary Principle(s). KRITERION, v. 64, p. 329-348, 2023.<\/li>\n<li>LACERDA, J. V. A. ; KOFFLER, S. ; GONZALEZ, J. D. ; MONTEIRO, G. B. ; KAWABE, L. A. ; MENDES, M. ;&nbsp;BRAVO, P. ; GHILARDI-LOPES, N. P. . Many possibilities for students as citizen scientists: a supplement to Forti (2023). Biodiversity (Nepean), p. 1-5, 2023.<\/li>\n<li>Agnotologia e o Princ\u00edpio da Precau\u00e7\u00e3o. PRINCIPIA (FLORIAN\u00d3POLIS. ONLINE), v. 25, p. 289-304, 2021.<\/li>\n<li>O Argumento do Milagre comete a Fal\u00e1cia da Taxa-base? Apresenta\u00e7\u00e3o, Estado da Arte e Quest\u00f5es de Formaliza\u00e7\u00e3o. INTUITIO (PORTO ALEGRE), v. 11, p. 46-64, 2018.<\/li>\n<\/ul>\n<\/div>\n<div>&nbsp;<\/div>\n<div><strong>Cap\u00edtulos<\/strong><\/div>\n<div>\n<div>&nbsp;<\/div>\n<ul>\n<li>Valores nas ci\u00eancias econ\u00f4micas: uma breve nota sobre o caso da taxa de desconto In: Ensaios de filosofia da economia, ed.1. Florian\u00f3polis: NEL\/UFSC, 2025, v.1, p. 79-86.<\/li>\n<li>Ideais Da Ci\u00eancia Livre De Valores E Seus Diferentes Alcances.. In: MARICONDA, P. R.. (Org.). Entre conhecimento e valores: alternativas \u00e0 tecnoci\u00eancia atual. 1ed.S\u00e3o Paulo: Scientiae Studia, 2023, v. , p. 83-106.<\/li>\n<li>Hume, o Problema da Indu\u00e7\u00e3o e a Fal\u00e1cia de Invers\u00e3o de Quantificadores. In: MORAES, Jo\u00e3o Antonio de; ROGRIGUES, Fernando de Assis; PANTALE\u00c3O, Nath\u00e1lia Cristina Alves.. (Org.). Tecnologias e Sociedade: Discuss\u00f5es Contempor\u00e2neas. 1ed.S\u00e3o Paulo: FIloCzar, 2019, v. , p. 137-153.<\/li>\n<\/ul>\n<\/div>\n<div>&nbsp;<\/div>\n<div><strong>Tradu\u00e7\u00f5es<\/strong><\/div>\n<div>&nbsp;<\/div>\n<ul>\n<li>GOMES, L. A. S. ; BRAVO, P. . Ideia do espa\u00e7o (Vorstellung vom Raume). Filosofia Unisinos, v. 25, n. 3, p. 1\u20135, 2024.<\/li>\n<li>Filosofia da ci\u00eancia engajada: diversidade, inclus\u00e3o e ci\u00eancia aberta (Kevin C. Elliott). S\u00e3o Paulo: Associa\u00e7\u00e3o Filos\u00f3fica Scientiae Studia, 2024.<\/li>\n<li>As Dimens\u00f5es Sociais do Conhecimento Cient\u00edfico (Helen Longino). Pelotas: NEPFIL, 2021.<\/li>\n<li>SOUZA, P. B. ALVES, M. A. . Verdade e Probabilidade (Frank Ramsey). S\u00e3o Paulo: Cognitio-Estudos, 2020.<\/li>\n<\/ul>\n<div>&nbsp;<\/div>\n<div>\n<p><b>Curr\u00edculo Lattes<\/b>:&nbsp;<a style=\"font-family: var( --e-global-typography-text-font-family ), Sans-serif; font-weight: var( --e-global-typography-text-font-weight ); text-align: var(--text-align); font-size: 1rem;\" href=\"http:\/\/lattes.cnpq.br\/5112476821084793\" target=\"_blank\" rel=\"noopener\">http:\/\/lattes.cnpq.br\/5112476821084793<\/a><\/p>\n<\/div>\n<p><strong>Orcid iD<\/strong>: <a href=\"https:\/\/orcid.org\/0000-0002-3991-1931\">https:\/\/orcid.org\/0000-0002-3991-1931<\/a><\/p>\n<p><strong>Academia.edu<\/strong>: <a href=\"https:\/\/ufabc-br.academia.edu\/PedroBravo\">https:\/\/ufabc-br.academia.edu\/PedroBravo<\/a><\/p>\t\t\t\t\t\t<\/div>\n\t\t\t\t<\/div>\n\t\t\t\t\t<\/div>\n\t\t\t\t<\/div>\n\t\t\t\t<\/div>\n\t\t","protected":false},"excerpt":{"rendered":"<p>Artigos &nbsp; BRAVO, Pedro; GHILARDI-LOPES, Natalia Pirani. Beyond reliability: towards a broader epistemic evaluation of citizen science. Revista de Filosofia Aurora, v. 37, p. e202531990\u2013e202531990, 29 out. 2025. BRAVO, Pedro; ELLIOTT, Kevin C. The Promise and Perils of NGO-Supported Science. Philosophy Compass, v. 20, n. 5, p. e70043, 2025.&nbsp; Grouping approaches to PFAS and industry [&hellip;]<\/p>\n","protected":false},"author":1,"featured_media":0,"parent":0,"menu_order":0,"comment_status":"closed","ping_status":"closed","template":"","meta":{"footnotes":""},"aioseo_notices":[],"_links":{"self":[{"href":"https:\/\/bravopedro.com.br\/index.php?rest_route=\/wp\/v2\/pages\/61"}],"collection":[{"href":"https:\/\/bravopedro.com.br\/index.php?rest_route=\/wp\/v2\/pages"}],"about":[{"href":"https:\/\/bravopedro.com.br\/index.php?rest_route=\/wp\/v2\/types\/page"}],"author":[{"embeddable":true,"href":"https:\/\/bravopedro.com.br\/index.php?rest_route=\/wp\/v2\/users\/1"}],"replies":[{"embeddable":true,"href":"https:\/\/bravopedro.com.br\/index.php?rest_route=%2Fwp%2Fv2%2Fcomments&post=61"}],"version-history":[{"count":37,"href":"https:\/\/bravopedro.com.br\/index.php?rest_route=\/wp\/v2\/pages\/61\/revisions"}],"predecessor-version":[{"id":307,"href":"https:\/\/bravopedro.com.br\/index.php?rest_route=\/wp\/v2\/pages\/61\/revisions\/307"}],"wp:attachment":[{"href":"https:\/\/bravopedro.com.br\/index.php?rest_route=%2Fwp%2Fv2%2Fmedia&parent=61"}],"curies":[{"name":"wp","href":"https:\/\/api.w.org\/{rel}","templated":true}]}}